{"id":80,"date":"2017-10-26T13:39:07","date_gmt":"2017-10-26T13:39:07","guid":{"rendered":"http:\/\/kita-quirl.de\/?page_id=80"},"modified":"2025-09-10T14:00:13","modified_gmt":"2025-09-10T14:00:13","slug":"gruppen","status":"publish","type":"page","link":"https:\/\/kita-quirl.de\/?page_id=80","title":{"rendered":"Gruppen"},"content":{"rendered":"<h2><strong><span style=\"color: #ff6600;\"><span style=\"color: #993366;\">Kita Gruppen<\/span><br \/>\n<\/span><\/strong><\/h2>\n<p><span style=\"font-family: Arial;\"><span style=\"font-size: medium;\">Es gibt vier Gruppen:<br \/>\n<span style=\"color: #339966;\">Katzengruppe<\/span>, <span style=\"color: #3366ff;\">Regenbogengruppe<\/span>, <span style=\"color: #993366;\">Maulwurfgruppe<\/span> und <span style=\"color: #ffcc00;\">Hasengruppe<\/span><\/span><\/span><\/p>\n<p><span style=\"color: #000000;\"><b><span style=\"font-family: Arial; font-size: medium;\">Katzen, Regenbogen <\/span><\/b><strong><span style=\"font-family: Arial; font-size: medium;\">und<\/span><\/strong><b><span style=\"font-family: Arial; font-size: medium;\"> Maulwurfgruppe<\/span><\/b><\/span><span style=\"font-family: Arial; font-size: medium;\"> haben je 20-23 Kinder von 3 bis 6 Jahren.<br \/>\n<span style=\"color: #008000; font-family: Arial; font-size: medium;\"><span style=\"color: #000000;\">Die<\/span><\/span><span style=\"color: #000000;\"><b><span style=\"font-family: Arial; font-size: medium;\"> Hasengruppe<\/span><\/b><\/span><span style=\"font-family: Arial; font-size: medium;\"> hat 15 Pl\u00e4tze f\u00fcr Kinder von 4 Monaten bis 3 Jahre.<\/span><\/span><\/p>\n<p><span style=\"font-family: Arial; font-size: medium;\">Jede Gruppe wird von zwei bis drei p\u00e4dagogischen Kr\u00e4ften betreut.<\/span><br \/>\n<span style=\"font-family: Arial; font-size: medium;\">Au\u00dferdem gibt es verschiedene Mitarbeiter, die gruppen\u00fcbergreifende Angebote anbieten.<\/span><\/p>\n<p><span style=\"font-family: Arial;\"><b>Der Tagesablauf<br \/>\n<\/b>Der Tag beginnt mit einem gemeinsamen <span style=\"color: #993366;\"><b> Fr\u00fchst\u00fcck<\/b> <\/span>um 8.30 Uhr, nachdem die Kinder zwischen 7.00 und 8.30 Uhr gebracht worden sind. Das Kita-Team bereitet dieses Fr\u00fchst\u00fcck vor<span lang=\"de\">.<\/span><\/span><\/p>\n<p><span style=\"font-family: Arial;\">Um 12.30 Uhr ist<span style=\"color: #993366;\"> <b>Mittagessen<\/b><\/span> f\u00fcr die Kinder, die \u00fcber Mittag bleiben. Abgeholt wird es im benachbarten Evangelischen Krankenhaus, wo es t\u00e4glich frisch zubereitet wird. Auf dem Speiseplan stehen wechselnde Gerichte mit und ohne Fleisch. Und t\u00e4glich gibt es Obst oder Salat.<\/span><\/p>\n<p><span style=\"font-family: Arial;\"><span style=\"color: #993366;\"><b>Nach Hause<\/b><\/span> gehen die Kindergarten-Kinder um 12.00 Uhr.<br \/>\nDie Kita-Kinder mit \u00dcbermittagbetreuung k\u00f6nnen zwischen 13.15 und 14.00Uhr\/16.15 Uhr abgeholt werden.<\/span><\/p>\n<p><span style=\"font-family: Arial;\"><b>Das Spielangebot<br \/>\n<\/b>Es gibt einen Mehrzweckraum und einen <b><span style=\"color: #008000;\"><span style=\"color: #993366;\">Bewegungsraum.<\/span><br \/>\n<\/span><\/b>Wir gehen in den <strong><span style=\"color: #993366;\">Wald<\/span><\/strong> und erkunden die Natur.<\/span><br \/>\n<span style=\"font-family: Arial;\"><span style=\"color: #993366;\"><b><br \/>\nFeste und Ausfl\u00fcge<\/b> <\/span> geh\u00f6ren nat\u00fcrlich zu den H\u00f6hepunkten des Kita-Alltags!<\/span><\/p>\n<p><span style=\"font-family: Arial;\">Das <span style=\"color: #993366;\"><b>naturnahe Au\u00dfengel\u00e4nde<\/b><\/span> lockt mit Nestschaukel, Rutsche, Holzeisenbahn, Wasserspielstelle und Sandk\u00e4sten.<br \/>\nAu\u00dferdem gibt es eine gro\u00dfe asphaltierte Spielfl\u00e4che.<\/span><\/p>\n<p><span style=\"font-family: Arial;\"><b>Die religi\u00f6se Komponente<br \/>\n<span style=\"color: #993366;\">Religi\u00f6se Orientierung<\/span><\/b> ist wichtig und wird in den Alltag eingebunden.<br \/>\nBiblische Geschichten werden erz\u00e4hlt und christliche Festtage vorbereitet.<br \/>\nZu den Mahlzeiten geh\u00f6rt das <span style=\"color: #993366;\"><b>Gebet<\/b><\/span>.<\/span><\/p>\n<p>&nbsp;<\/p>\n","protected":false},"excerpt":{"rendered":"<p>Kita Gruppen Es gibt vier Gruppen: Katzengruppe, Regenbogengruppe, Maulwurfgruppe und Hasengruppe Katzen, Regenbogen und Maulwurfgruppe haben je 20-23 Kinder von 3 bis 6 Jahren. Die Hasengruppe hat 15 Pl\u00e4tze f\u00fcr Kinder von 4 Monaten bis 3 Jahre. Jede Gruppe wird von zwei bis drei p\u00e4dagogischen Kr\u00e4ften betreut. Au\u00dferdem gibt es verschiedene Mitarbeiter, die gruppen\u00fcbergreifende Angebote &hellip; <a href=\"https:\/\/kita-quirl.de\/?page_id=80\" class=\"more-link\"><span class=\"screen-reader-text\">Gruppen<\/span> weiterlesen <span class=\"meta-nav\">&rarr;<\/span><\/a><\/p>\n","protected":false},"author":1,"featured_media":0,"parent":0,"menu_order":0,"comment_status":"closed","ping_status":"closed","template":"","meta":{"footnotes":""},"class_list":["post-80","page","type-page","status-publish","hentry"],"_links":{"self":[{"href":"https:\/\/kita-quirl.de\/index.php?rest_route=\/wp\/v2\/pages\/80","targetHints":{"allow":["GET"]}}],"collection":[{"href":"https:\/\/kita-quirl.de\/index.php?rest_route=\/wp\/v2\/pages"}],"about":[{"href":"https:\/\/kita-quirl.de\/index.php?rest_route=\/wp\/v2\/types\/page"}],"author":[{"embeddable":true,"href":"https:\/\/kita-quirl.de\/index.php?rest_route=\/wp\/v2\/users\/1"}],"replies":[{"embeddable":true,"href":"https:\/\/kita-quirl.de\/index.php?rest_route=%2Fwp%2Fv2%2Fcomments&post=80"}],"version-history":[{"count":15,"href":"https:\/\/kita-quirl.de\/index.php?rest_route=\/wp\/v2\/pages\/80\/revisions"}],"predecessor-version":[{"id":283,"href":"https:\/\/kita-quirl.de\/index.php?rest_route=\/wp\/v2\/pages\/80\/revisions\/283"}],"wp:attachment":[{"href":"https:\/\/kita-quirl.de\/index.php?rest_route=%2Fwp%2Fv2%2Fmedia&parent=80"}],"curies":[{"name":"wp","href":"https:\/\/api.w.org\/{rel}","templated":true}]}}